{"id":349,"date":"2017-06-12T08:58:41","date_gmt":"2017-06-12T08:58:41","guid":{"rendered":"http:\/\/demo.ovathemes.com\/dvents\/?page_id=349"},"modified":"2018-01-30T09:16:09","modified_gmt":"2018-01-30T09:16:09","slug":"services","status":"publish","type":"page","link":"https:\/\/spannungspassundmehr.de\/?page_id=349","title":{"rendered":"Junggesellenabschiede"},"content":{"rendered":"<section class=\"wpb-content-wrapper\"><p>[vc_row css=&#8220;.vc_custom_1499077152789{padding-top: 110px !important;padding-bottom: 90px !important;}&#8220;][vc_column][vc_row_inner][vc_column_inner offset=&#8220;vc_col-lg-offset-2 vc_col-lg-8 vc_col-md-offset-2 vc_col-md-8&#8243;]<div class=\"ui-decor-1\"><img decoding=\"async\" src=\"https:\/\/spannungspassundmehr.de\/wp-content\/uploads\/2017\/06\/ui-decor-1.png\" alt=\"decor\" class=\"center-block\"><\/div><div class=\"text-center\">\n\t\t\t\t<h2 class=\"ui-title-block ui-title-block_weight_normal\"> Ihre <span class=\"text-primary\"> Event <\/span> Spezialisten <\/h2>\n                <div class=\"ui-subtitle-block\">Damit Ihr Junggesellenabschied etwas ganz besonderes wird! Wir bieten Ihnen ein umfassendes Angebot das auf Ihre Bed\u00fcrfnisse und Ihr Budget zugeschnitten ist.<\/div>\n            <\/div>[\/vc_column_inner][\/vc_row_inner][vc_row_inner][vc_column_inner width=&#8220;1\/3&#8243;]<section class=\"b-advantages b-advantages-1 \">\n\t\t\t\t<i class=\"b-advantages__icon text-primary icon-emoticon-smile\"><\/i>\n\t            <div class=\"b-advantages__inner\">\n\t              <h3 class=\"b-advantages__title ui-title-inner\">Ihre Vorstellungen<\/h3>\n\t              <div class=\"b-advantages__info\">Wir planen mit Ihnen Ihren Junggesellenabschied, damit auch alle Ihre Vorstellungen genau so wie sie es w\u00fcnschen umgesetzt werden<\/div>\n\t              \n\t            <\/div>\n             <\/section>[\/vc_column_inner][vc_column_inner width=&#8220;1\/3&#8243;]<section class=\"b-advantages b-advantages-1 \">\n\t\t\t\t<i class=\"b-advantages__icon text-primary icon-magic-wand\"><\/i>\n\t            <div class=\"b-advantages__inner\">\n\t              <h3 class=\"b-advantages__title ui-title-inner\">Vielseitige Angebote<\/h3>\n\t              <div class=\"b-advantages__info\">Ob Sie einen Kurztrip oder einen K\u00fcnstler haben m\u00f6chten, wir k\u00fcmmern uns darum<\/div>\n\t              \n\t            <\/div>\n             <\/section>[\/vc_column_inner][vc_column_inner width=&#8220;1\/3&#8243;]<section class=\"b-advantages b-advantages-1 \">\n\t\t\t\t<i class=\"b-advantages__icon text-primary icon-puzzle\"><\/i>\n\t            <div class=\"b-advantages__inner\">\n\t              <h3 class=\"b-advantages__title ui-title-inner\">Alles aus einer Hand<\/h3>\n\t              <div class=\"b-advantages__info\">Damit die sch\u00f6nsten Tage nicht die stressigsten werden - wir planen alles aus einer Hand<\/div>\n\t              \n\t            <\/div>\n             <\/section>[\/vc_column_inner][\/vc_row_inner][\/vc_column][\/vc_row][vc_row css=&#8220;.vc_custom_1499077152789{padding-top: 110px !important;padding-bottom: 90px !important;}&#8220;][vc_column][vc_row_inner][vc_column_inner offset=&#8220;vc_col-lg-offset-2 vc_col-lg-8 vc_col-md-offset-2 vc_col-md-8&#8243;]<div class=\"ui-decor-1\"><img decoding=\"async\" src=\"https:\/\/spannungspassundmehr.de\/wp-content\/uploads\/2017\/06\/ui-decor-1.png\" alt=\"decor\" class=\"center-block\"><\/div><div class=\"text-center\">\n\t\t\t\t<h2 class=\"ui-title-block ui-title-block_weight_normal\"> Von der <span class=\"text-primary\"> Idee <\/span> bis zur Umsetzung! <\/h2>\n                <div class=\"ui-subtitle-block\">Wir machen Ihren Junggesellenabschied f\u00fcr Sie und Ihre Freunde zu einem unvergesslichen Ereignis.<\/div>\n            <\/div>[\/vc_column_inner][\/vc_row_inner][\/vc_column][\/vc_row][vc_row full_width=&#8220;stretch_row_content_no_spaces&#8220; el_class=&#8220;block-table block-table-md&#8220;][vc_column]\n\t\t<div class=\"block-table block-table-md \">\n        \t<div class=\"block-table__cell col-md-6\"><img decoding=\"async\" src=\"https:\/\/spannungspassundmehr.de\/wp-content\/uploads\/2017\/06\/Bild_Sekt.png\" alt=\"Spannung, Spa\u00df und mehr Senden Sie uns Ihre Anfrage und W\u00fcnsche\"><\/div>\n\t        <div class=\"block-table__cell col-md-6\">\n\t          <section data-stellar-background-ratio=\"0.4\" class=\"section-form-contact section-form-contact_color_white section-texture bg-primary stellar\">\n\t            <div class=\"ui-decor-1\"><img decoding=\"async\" src=\"https:\/\/spannungspassundmehr.de\/wp-content\/uploads\/2017\/06\/ui-decor-1.png\" alt=\"Spannung, Spa\u00df und mehr Senden Sie uns Ihre Anfrage und W\u00fcnsche\"><\/div>\n\t            <h2 class=\"ui-title-block\"><span>Spannung, Spa\u00df und mehr<\/span> Kontakt<\/h2>\n\t            <div class=\"ui-subtitle-block\">Senden Sie uns Ihre Anfrage und W\u00fcnsche<\/div>\n\t            <div id=\"success\"><\/div>\n\t            \n<div class=\"wpcf7 no-js\" id=\"wpcf7-f170-o1\" lang=\"en-US\" dir=\"ltr\" data-wpcf7-id=\"170\">\n<div class=\"screen-reader-response\"><p role=\"status\" aria-live=\"polite\" aria-atomic=\"true\"><\/p> <ul><\/ul><\/div>\n<form action=\"\/index.php?rest_route=%2Fwp%2Fv2%2Fpages%2F349#wpcf7-f170-o1\" method=\"post\" class=\"wpcf7-form init\" aria-label=\"Contact form\" novalidate=\"novalidate\" data-status=\"init\">\n<fieldset class=\"hidden-fields-container\"><input type=\"hidden\" name=\"_wpcf7\" value=\"170\" \/><input type=\"hidden\" name=\"_wpcf7_version\" value=\"6.1.5\" \/><input type=\"hidden\" name=\"_wpcf7_locale\" value=\"en_US\" \/><input type=\"hidden\" name=\"_wpcf7_unit_tag\" value=\"wpcf7-f170-o1\" \/><input type=\"hidden\" name=\"_wpcf7_container_post\" value=\"0\" \/><input type=\"hidden\" name=\"_wpcf7_posted_data_hash\" value=\"\" \/>\n<\/fieldset>\n<div class=\"b-form-contacts ui-form\">\n\t<div class=\"row\">\n\t\t<div class=\"col-md-6\">\n\t\t\t<p><span class=\"wpcf7-form-control-wrap\" data-name=\"username\"><input size=\"40\" maxlength=\"400\" class=\"wpcf7-form-control wpcf7-text wpcf7-validates-as-required form-control\" id=\"user-name\" aria-required=\"true\" aria-invalid=\"false\" placeholder=\"Name\" value=\"\" type=\"text\" name=\"username\" \/><\/span><br \/>\n<span class=\"wpcf7-form-control-wrap\" data-name=\"subject\"><input size=\"40\" maxlength=\"400\" class=\"wpcf7-form-control wpcf7-text form-control last-block_mrg-btn_0\" id=\"user-subject\" aria-invalid=\"false\" placeholder=\"Betreff\" value=\"\" type=\"text\" name=\"subject\" \/><\/span>\n\t\t\t<\/p>\n\t\t<\/div>\n\t\t<div class=\"col-md-6\">\n\t\t\t<p><span class=\"wpcf7-form-control-wrap\" data-name=\"email\"><input size=\"40\" maxlength=\"400\" class=\"wpcf7-form-control wpcf7-email wpcf7-validates-as-required wpcf7-text wpcf7-validates-as-email form-control\" id=\"user-email\" aria-required=\"true\" aria-invalid=\"false\" placeholder=\"Email\" value=\"\" type=\"email\" name=\"email\" \/><\/span><br \/>\n<span class=\"wpcf7-form-control-wrap\" data-name=\"phone\"><input size=\"40\" maxlength=\"400\" class=\"wpcf7-form-control wpcf7-text form-control\" id=\"user-phone\" aria-invalid=\"false\" placeholder=\"Telefon\" value=\"\" type=\"text\" name=\"phone\" \/><\/span>\n\t\t\t<\/p>\n\t\t<\/div>\n\t<\/div>\n\t<div class=\"row\">\n\t\t<div class=\"col-xs-12\">\n\t\t\t<p><span class=\"wpcf7-form-control-wrap\" data-name=\"messages\"><textarea cols=\"40\" rows=\"3\" maxlength=\"2000\" class=\"wpcf7-form-control wpcf7-textarea wpcf7-validates-as-required form-control\" id=\"user-message\" aria-required=\"true\" aria-invalid=\"false\" placeholder=\"Nachricht ...\" name=\"messages\"><\/textarea><\/span><br \/>\n<button type = \"submit\" class=\"btn btn-default\">Senden<\/button>\n\t\t\t<\/p>\n\t\t<\/div>\n\t<\/div>\n<\/div><div class=\"wpcf7-response-output\" aria-hidden=\"true\"><\/div>\n<\/form>\n<\/div>\n\n\t          <\/section>\n\t        <\/div>\n      <\/div>[\/vc_column][\/vc_row]<\/p>\n<\/section>","protected":false},"excerpt":{"rendered":"<p>[vc_row css=&#8220;.vc_custom_1499077152789{padding-top: 110px !important;padding-bottom: 90px !important;}&#8220;][vc_column][vc_row_inner][vc_column_inner offset=&#8220;vc_col-lg-offset-2 vc_col-lg-8 vc_col-md-offset-2 vc_col-md-8&#8243;][\/vc_column_inner][\/vc_row_inner][vc_row_inner][vc_column_inner width=&#8220;1\/3&#8243;][\/vc_column_inner][vc_column_inner width=&#8220;1\/3&#8243;][\/vc_column_inner][vc_column_inner width=&#8220;1\/3&#8243;][\/vc_column_inner][\/vc_row_inner][\/vc_column][\/vc_row][vc_row css=&#8220;.vc_custom_1499077152789{padding-top: 110px !important;padding-bottom: 90px !important;}&#8220;][vc_column][vc_row_inner][vc_column_inner offset=&#8220;vc_col-lg-offset-2 vc_col-lg-8 vc_col-md-offset-2 vc_col-md-8&#8243;][\/vc_column_inner][\/vc_row_inner][\/vc_column][\/vc_row][vc_row full_width=&#8220;stretch_row_content_no_spaces&#8220; el_class=&#8220;block-table block-table-md&#8220;][vc_column][\/vc_column][\/vc_row]<\/p>\n","protected":false},"author":1,"featured_media":0,"parent":0,"menu_order":0,"comment_status":"closed","ping_status":"closed","template":"","meta":{"footnotes":""},"class_list":["post-349","page","type-page","status-publish","hentry"],"_links":{"self":[{"href":"https:\/\/spannungspassundmehr.de\/index.php?rest_route=\/wp\/v2\/pages\/349","targetHints":{"allow":["GET"]}}],"collection":[{"href":"https:\/\/spannungspassundmehr.de\/index.php?rest_route=\/wp\/v2\/pages"}],"about":[{"href":"https:\/\/spannungspassundmehr.de\/index.php?rest_route=\/wp\/v2\/types\/page"}],"author":[{"embeddable":true,"href":"https:\/\/spannungspassundmehr.de\/index.php?rest_route=\/wp\/v2\/users\/1"}],"replies":[{"embeddable":true,"href":"https:\/\/spannungspassundmehr.de\/index.php?rest_route=%2Fwp%2Fv2%2Fcomments&post=349"}],"version-history":[{"count":10,"href":"https:\/\/spannungspassundmehr.de\/index.php?rest_route=\/wp\/v2\/pages\/349\/revisions"}],"predecessor-version":[{"id":854,"href":"https:\/\/spannungspassundmehr.de\/index.php?rest_route=\/wp\/v2\/pages\/349\/revisions\/854"}],"wp:attachment":[{"href":"https:\/\/spannungspassundmehr.de\/index.php?rest_route=%2Fwp%2Fv2%2Fmedia&parent=349"}],"curies":[{"name":"wp","href":"https:\/\/api.w.org\/{rel}","templated":true}]}}