{"id":244,"date":"2017-06-11T09:01:12","date_gmt":"2017-06-11T09:01:12","guid":{"rendered":"http:\/\/demo.ovathemes.com\/dvents\/?page_id=244"},"modified":"2018-01-30T09:22:42","modified_gmt":"2018-01-30T09:22:42","slug":"home-2","status":"publish","type":"page","link":"https:\/\/spannungspassundmehr.de\/","title":{"rendered":"Home 2"},"content":{"rendered":"<section class=\"wpb-content-wrapper\"><p>[vc_row full_width=&#8220;stretch_row&#8220; content_placement=&#8220;middle&#8220; el_class=&#8220;request-estimate-container&#8220; css=&#8220;.vc_custom_1517298296048{padding-top: -20px !important;}&#8220;][vc_column]\n\t\t\t\t<section class=\"section-type-1 \">\n\t                <div class=\"label-vertical\">\n\t\t                <div class=\"container\">\n\t\t\t                <div class=\"row\">\n\t\t\t                    <div class=\"col-md-4\"><img decoding=\"async\" src=\"https:\/\/spannungspassundmehr.de\/wp-content\/uploads\/2017\/06\/Fotolia_65206186_S.jpg\" alt=\"Wir machen Ihre Veranstaltungen zu einem unvergesslichen Erlebnis.\" class=\"img-w-radius img-responsive\" ><\/div>\n\t\t\t\t                <div class=\"col-md-8\">\n\t\t\t\t\t                <div class=\"section-type-1__inner\">\n\t\t\t\t\t\t                  <div class=\"ui-decor-1\"><img decoding=\"async\" src=\"https:\/\/spannungspassundmehr.de\/wp-content\/uploads\/2017\/06\/ui-decor-1.png\" alt=\"Wir machen Ihre Veranstaltungen zu einem unvergesslichen Erlebnis.\"><\/div>\n\t\t\t\t\t\t                  <h2 class=\"ui-title-block\">Wilkommen<span class=\"text-primary\"> bei Ihrem Event-Spezialist<\/span><\/h2>\n\t\t\t\t\t\t                  <div class=\"ui-subtitle-block\">Wir machen Ihre Veranstaltungen zu einem unvergesslichen Erlebnis.<\/div>\n\t\t\t\t\t                    \t<p>Ob Junggesellenabschiede, Familienfeiern oder Geburtstage, wir organisieren ihre Feier ganz nach Ihren W\u00fcnschen. Wir liefern Ihnen nicht nur die Idee, sondern setzen diese auch nach Ihren Vorstellungen um.<br \/>\nLehnen Sie sich zur\u00fcck \u2013 wir k\u00fcmmern uns damit Sie und Ihre G\u00e4ste einen unvergessliches Event haben!<\/p>\n<p><img loading=\"lazy\" decoding=\"async\" class=\"size-full wp-image-805 aligncenter\" src=\"http:\/\/spannungspassundmehr.de\/wp-content\/uploads\/2018\/01\/Logo-300dpi-CMYK_neu-1.png\" alt=\"\" width=\"567\" height=\"213\" srcset=\"https:\/\/spannungspassundmehr.de\/wp-content\/uploads\/2018\/01\/Logo-300dpi-CMYK_neu-1.png 567w, https:\/\/spannungspassundmehr.de\/wp-content\/uploads\/2018\/01\/Logo-300dpi-CMYK_neu-1-300x113.png 300w, https:\/\/spannungspassundmehr.de\/wp-content\/uploads\/2018\/01\/Logo-300dpi-CMYK_neu-1-90x34.png 90w, https:\/\/spannungspassundmehr.de\/wp-content\/uploads\/2018\/01\/Logo-300dpi-CMYK_neu-1-292x110.png 292w, https:\/\/spannungspassundmehr.de\/wp-content\/uploads\/2018\/01\/Logo-300dpi-CMYK_neu-1-322x121.png 322w, https:\/\/spannungspassundmehr.de\/wp-content\/uploads\/2018\/01\/Logo-300dpi-CMYK_neu-1-380x143.png 380w\" sizes=\"auto, (max-width: 567px) 100vw, 567px\" \/><\/p>\n\t\t\t\t\t                      \n\t\t\t\t\t                  <\/div>\n\t\t\t\t\t            <\/div>    \n\t\t\t                <\/div>\n\t\t                <\/div>\n\t                <\/div>\n                <\/section>\n                \n\t\t\t\t\n\t[\/vc_column][\/vc_row][vc_row full_width=&#8220;stretch_row&#8220; el_class=&#8220;b-services area-bg area-bg_dark area-bg_op_90 parallax area-bg-table-cell&#8220; css=&#8220;.vc_custom_1517302265609{background-image: url(http:\/\/spannungspassundmehr.de\/wp-content\/uploads\/2017\/06\/Fotolia_120282530_M.jpg?id=843) !important;}&#8220;][vc_column el_class=&#8220;area-bg__inner&#8220; offset=&#8220;vc_col-lg-5 vc_col-md-5&#8243;]<div class=\"ui-decor-1\"><img decoding=\"async\" src=\"https:\/\/spannungspassundmehr.de\/wp-content\/uploads\/2017\/06\/ui-decor-1.png\" alt=\"Spannung, Spa\u00df und mehr!\" ><\/div><h2 class=\"ui-title-block\"><span class=\"text-primary\">Spannung, Spa\u00df und mehr!<\/span> <\/h2><div class=\"ui-subtitle-block\">Wer w\u00fcnscht sich nicht einen stressfreien Geburtstag oder tolle Ideen f\u00fcr den Junggesellenabschied? Wir helfen Ihnen. Von der Idee bis zur Umsetzung. Wir gehen auf Ihre W\u00fcnsche ein und planen Ihre passgenaue Veranstaltung. Auf Wunsch begleiten wir Sie auch an diesem besonderen Tag und stehen rund um die Uhr zur Verf\u00fcgung! \u00dcberlassen Sie nichts dem Zufall!<\/div>[\/vc_column][vc_column el_class=&#8220;area-bg__inner&#8220; offset=&#8220;vc_col-lg-7 vc_col-md-7&#8243;]<div data-slides = 3 data-button = \"true\" data-autoplay = \"true\" data-time-next = \"500\" class=\"bxslider  \"  ><section class=\"b-advantages-2 b-advantages-2_light\"><i class=\"b-advantages-2__icon flaticon-people\"><\/i>\n                <div class=\"b-advantages-2__inner\">\n                  <h3 class=\"b-advantages-2__title ui-title-inner bg-primary_b\">Junggesellenabschiede<\/h3>\n                  <div class=\"b-advantages-2__info\"><\/div>\n                <\/div>\n             <\/section><section class=\"b-advantages-2 b-advantages-2_light\"><i class=\"b-advantages-2__icon flaticon-food\"><\/i>\n                <div class=\"b-advantages-2__inner\">\n                  <h3 class=\"b-advantages-2__title ui-title-inner bg-primary_b\">Familienfeiern<\/h3>\n                  <div class=\"b-advantages-2__info\"><\/div>\n                <\/div>\n             <\/section><section class=\"b-advantages-2 b-advantages-2_light\"><i class=\"b-advantages-2__icon flaticon-karaoke\"><\/i>\n                <div class=\"b-advantages-2__inner\">\n                  <h3 class=\"b-advantages-2__title ui-title-inner bg-primary_b\">unvergessliche Geburtstage<\/h3>\n                  <div class=\"b-advantages-2__info\"><\/div>\n                <\/div>\n             <\/section><section class=\"b-advantages-2 b-advantages-2_light\"><i class=\"b-advantages-2__icon flaticon-garlands\"><\/i>\n                <div class=\"b-advantages-2__inner\">\n                  <h3 class=\"b-advantages-2__title ui-title-inner bg-primary_b\">Kindergeburtstage <\/h3>\n                  <div class=\"b-advantages-2__info\"><\/div>\n                <\/div>\n             <\/section><\/div>[\/vc_column][\/vc_row][vc_row full_width=&#8220;stretch_row_content&#8220; el_class=&#8220;b-info-section request-estimate-container&#8220;][vc_column offset=&#8220;vc_col-lg-7 vc_col-md-6&#8243; css=&#8220;.vc_custom_1498642768805{padding-top: 0px !important;}&#8220;]\n          <div class=\"row\">\n            <div class=\"col-sm-6\"><img decoding=\"async\" src=\"https:\/\/spannungspassundmehr.de\/wp-content\/uploads\/2017\/06\/Fotolia_107651401_S.jpg\" alt=\"Info image 1\" class=\"b-info-section__img-1 img-mask\"\/><\/div>\n            <div class=\"col-sm-6\"><img decoding=\"async\" src=\"https:\/\/spannungspassundmehr.de\/wp-content\/uploads\/2017\/06\/Fotolia_114759111_M.jpg\" alt=\"Info image 2\" class=\"b-info-section__img-2 img-mask\"\/><\/div>\n          <\/div>\n\t[\/vc_column][vc_column el_class=&#8220;b-info-section__inner&#8220; offset=&#8220;vc_col-lg-5 vc_col-md-6&#8243;]<div class=\"ui-decor-1\"><img decoding=\"async\" src=\"https:\/\/spannungspassundmehr.de\/wp-content\/uploads\/2017\/06\/ui-decor-1.png\" alt=\"Spannung, Spa\u00df und mehr- Events die unvergessen bleiben\" ><\/div><h2 class=\"ui-title-block\"><span class=\"text-primary\">Spannung, Spa\u00df und mehr<\/span> - Events die unvergessen bleiben<\/h2><div class=\"ui-subtitle-block\">Entscheiden Sie sich f\u00fcr uns - wir machen aus Ihrem Event etwas ganz besonderes!<\/div>[vc_column_text]<\/p>\n<ul class=\"list list-mark-5 list_bold list_icon_color-primary\">\n<li>Ideenfindung<\/li>\n<li>Kostenvoranschlag<\/li>\n<li>Planung<\/li>\n<li>Umsetzung<\/li>\n<\/ul>\n<p>[\/vc_column_text][\/vc_column][\/vc_row][vc_row full_width=&#8220;stretch_row&#8220; el_class=&#8220;section-team area-bg area-bg_dark parallax area-bg-table-cell&#8220; css=&#8220;.vc_custom_1517302296876{background-image: url(http:\/\/spannungspassundmehr.de\/wp-content\/uploads\/2017\/06\/Fotolia_120282530_M.jpg?id=843) !important;}&#8220;][vc_column css=&#8220;.vc_custom_1497249505789{padding-top: 0px !important;}&#8220; el_class=&#8220;area-bg__inner&#8220;]<div class=\"ui-decor-1\"><img decoding=\"async\" src=\"https:\/\/spannungspassundmehr.de\/wp-content\/uploads\/2017\/06\/ui-decor-1.png\" alt=\"decor\" class=\"center-block\"><\/div><div class=\"text-center\">\n\t\t\t\t\t<h2 class=\"ui-title-block\"><span class=\"text-primary\">Spannung, Spa\u00df und mehr<\/span> <\/h2>\n                \t<div class=\"ui-subtitle-block\">Wir machen Ihr Event zu etwas ganz besonderen! <\/div>\n              \t<\/div>\n\t<div \n\tdata-min480=\"1\" \n\tdata-min768=\"1\" \n\tdata-min992=\"1\" \n\tdata-min1200=\"2\" \n\tdata-pagination=\"false\" \n\tdata-navigation=\"true\" \n\tdata-auto-play=\"7000\" \n\tdata-stop-on-hover=\"true\" \n\tclass=\"owl-carousel owl-theme enable-owl-carousel   \"><\/div>[\/vc_column][\/vc_row][vc_row full_width=&#8220;stretch_row_content_no_spaces&#8220; equal_height=&#8220;yes&#8220; el_class=&#8220;block-table block-table-md&#8220;][vc_column el_class=&#8220;block-table__cell row-eq-height&#8220;]\n\t\t<div class=\"block-table block-table-md \">\n\t        <div class=\"block-table__cell col-md-6\">\n\t          <section data-stellar-background-ratio=\"0.4\" class=\"section-form-contact section-form-contact_color_white  bg-primary stellar\">\n\t            <div class=\"ui-decor-1\"><img decoding=\"async\" src=\"https:\/\/spannungspassundmehr.de\/wp-content\/uploads\/2017\/06\/ui-decor-1.png\" alt=\"Spannung, Spa\u00df und mehr Senden Sie uns eine Nachricht und wir werden uns schnellstens mit Ihnen in Verbindung setzten!\"><\/div>\n\t            <h2 class=\"ui-title-block\"><span>Spannung, Spa\u00df und mehr<\/span> Kontakt<\/h2>\n\t            <div class=\"ui-subtitle-block\">Senden Sie uns eine Nachricht und wir werden uns schnellstens mit Ihnen in Verbindung setzten!<\/div>\n\t            <div id=\"success\"><\/div>\n\t            \n<div class=\"wpcf7 no-js\" id=\"wpcf7-f170-o1\" lang=\"en-US\" dir=\"ltr\" data-wpcf7-id=\"170\">\n<div class=\"screen-reader-response\"><p role=\"status\" aria-live=\"polite\" aria-atomic=\"true\"><\/p> <ul><\/ul><\/div>\n<form action=\"\/index.php?rest_route=%2Fwp%2Fv2%2Fpages%2F244#wpcf7-f170-o1\" method=\"post\" class=\"wpcf7-form init\" aria-label=\"Contact form\" novalidate=\"novalidate\" data-status=\"init\">\n<fieldset class=\"hidden-fields-container\"><input type=\"hidden\" name=\"_wpcf7\" value=\"170\" \/><input type=\"hidden\" name=\"_wpcf7_version\" value=\"6.1.5\" \/><input type=\"hidden\" name=\"_wpcf7_locale\" value=\"en_US\" \/><input type=\"hidden\" name=\"_wpcf7_unit_tag\" value=\"wpcf7-f170-o1\" \/><input type=\"hidden\" name=\"_wpcf7_container_post\" value=\"0\" \/><input type=\"hidden\" name=\"_wpcf7_posted_data_hash\" value=\"\" \/>\n<\/fieldset>\n<div class=\"b-form-contacts ui-form\">\n\t<div class=\"row\">\n\t\t<div class=\"col-md-6\">\n\t\t\t<p><span class=\"wpcf7-form-control-wrap\" data-name=\"username\"><input size=\"40\" maxlength=\"400\" class=\"wpcf7-form-control wpcf7-text wpcf7-validates-as-required form-control\" id=\"user-name\" aria-required=\"true\" aria-invalid=\"false\" placeholder=\"Name\" value=\"\" type=\"text\" name=\"username\" \/><\/span><br \/>\n<span class=\"wpcf7-form-control-wrap\" data-name=\"subject\"><input size=\"40\" maxlength=\"400\" class=\"wpcf7-form-control wpcf7-text form-control last-block_mrg-btn_0\" id=\"user-subject\" aria-invalid=\"false\" placeholder=\"Betreff\" value=\"\" type=\"text\" name=\"subject\" \/><\/span>\n\t\t\t<\/p>\n\t\t<\/div>\n\t\t<div class=\"col-md-6\">\n\t\t\t<p><span class=\"wpcf7-form-control-wrap\" data-name=\"email\"><input size=\"40\" maxlength=\"400\" class=\"wpcf7-form-control wpcf7-email wpcf7-validates-as-required wpcf7-text wpcf7-validates-as-email form-control\" id=\"user-email\" aria-required=\"true\" aria-invalid=\"false\" placeholder=\"Email\" value=\"\" type=\"email\" name=\"email\" \/><\/span><br \/>\n<span class=\"wpcf7-form-control-wrap\" data-name=\"phone\"><input size=\"40\" maxlength=\"400\" class=\"wpcf7-form-control wpcf7-text form-control\" id=\"user-phone\" aria-invalid=\"false\" placeholder=\"Telefon\" value=\"\" type=\"text\" name=\"phone\" \/><\/span>\n\t\t\t<\/p>\n\t\t<\/div>\n\t<\/div>\n\t<div class=\"row\">\n\t\t<div class=\"col-xs-12\">\n\t\t\t<p><span class=\"wpcf7-form-control-wrap\" data-name=\"messages\"><textarea cols=\"40\" rows=\"3\" maxlength=\"2000\" class=\"wpcf7-form-control wpcf7-textarea wpcf7-validates-as-required form-control\" id=\"user-message\" aria-required=\"true\" aria-invalid=\"false\" placeholder=\"Nachricht ...\" name=\"messages\"><\/textarea><\/span><br \/>\n<button type = \"submit\" class=\"btn btn-default\">Senden<\/button>\n\t\t\t<\/p>\n\t\t<\/div>\n\t<\/div>\n<\/div><div class=\"wpcf7-response-output\" aria-hidden=\"true\"><\/div>\n<\/form>\n<\/div>\n\n\t          <\/section>\n\t        <\/div>\n\t        <div class=\"block-table__cell col-md-6\"><img decoding=\"async\" src=\"https:\/\/spannungspassundmehr.de\/wp-content\/uploads\/2017\/06\/Bild_Sekt.png\" alt=\"Spannung, Spa\u00df und mehr Senden Sie uns eine Nachricht und wir werden uns schnellstens mit Ihnen in Verbindung setzten!\"><\/div>\n      <\/div>[\/vc_column][\/vc_row]<\/p>\n<\/section>","protected":false},"excerpt":{"rendered":"<p>[vc_row full_width=&#8220;stretch_row&#8220; content_placement=&#8220;middle&#8220; el_class=&#8220;request-estimate-container&#8220; css=&#8220;.vc_custom_1517298296048{padding-top: -20px !important;}&#8220;][vc_column][\/vc_column][\/vc_row][vc_row full_width=&#8220;stretch_row&#8220; el_class=&#8220;b-services area-bg area-bg_dark area-bg_op_90 parallax area-bg-table-cell&#8220; css=&#8220;.vc_custom_1517302265609{background-image: url(http:\/\/spannungspassundmehr.de\/wp-content\/uploads\/2017\/06\/Fotolia_120282530_M.jpg?id=843) !important;}&#8220;][vc_column el_class=&#8220;area-bg__inner&#8220; offset=&#8220;vc_col-lg-5 vc_col-md-5&#8243;][\/vc_column][vc_column el_class=&#8220;area-bg__inner&#8220; offset=&#8220;vc_col-lg-7 vc_col-md-7&#8243;][\/vc_column][\/vc_row][vc_row full_width=&#8220;stretch_row_content&#8220; el_class=&#8220;b-info-section request-estimate-container&#8220;][vc_column offset=&#8220;vc_col-lg-7 vc_col-md-6&#8243; css=&#8220;.vc_custom_1498642768805{padding-top: 0px !important;}&#8220;][\/vc_column][vc_column el_class=&#8220;b-info-section__inner&#8220; offset=&#8220;vc_col-lg-5 vc_col-md-6&#8243;][vc_column_text] Ideenfindung Kostenvoranschlag Planung Umsetzung [\/vc_column_text][\/vc_column][\/vc_row][vc_row full_width=&#8220;stretch_row&#8220; el_class=&#8220;section-team area-bg area-bg_dark parallax area-bg-table-cell&#8220; css=&#8220;.vc_custom_1517302296876{background-image: url(http:\/\/spannungspassundmehr.de\/wp-content\/uploads\/2017\/06\/Fotolia_120282530_M.jpg?id=843) !important;}&#8220;][vc_column css=&#8220;.vc_custom_1497249505789{padding-top: 0px !important;}&#8220; el_class=&#8220;area-bg__inner&#8220;][\/vc_column][\/vc_row][vc_row full_width=&#8220;stretch_row_content_no_spaces&#8220; equal_height=&#8220;yes&#8220; el_class=&#8220;block-table [&hellip;]<\/p>\n","protected":false},"author":1,"featured_media":0,"parent":0,"menu_order":0,"comment_status":"closed","ping_status":"closed","template":"","meta":{"footnotes":""},"class_list":["post-244","page","type-page","status-publish","hentry"],"_links":{"self":[{"href":"https:\/\/spannungspassundmehr.de\/index.php?rest_route=\/wp\/v2\/pages\/244","targetHints":{"allow":["GET"]}}],"collection":[{"href":"https:\/\/spannungspassundmehr.de\/index.php?rest_route=\/wp\/v2\/pages"}],"about":[{"href":"https:\/\/spannungspassundmehr.de\/index.php?rest_route=\/wp\/v2\/types\/page"}],"author":[{"embeddable":true,"href":"https:\/\/spannungspassundmehr.de\/index.php?rest_route=\/wp\/v2\/users\/1"}],"replies":[{"embeddable":true,"href":"https:\/\/spannungspassundmehr.de\/index.php?rest_route=%2Fwp%2Fv2%2Fcomments&post=244"}],"version-history":[{"count":31,"href":"https:\/\/spannungspassundmehr.de\/index.php?rest_route=\/wp\/v2\/pages\/244\/revisions"}],"predecessor-version":[{"id":858,"href":"https:\/\/spannungspassundmehr.de\/index.php?rest_route=\/wp\/v2\/pages\/244\/revisions\/858"}],"wp:attachment":[{"href":"https:\/\/spannungspassundmehr.de\/index.php?rest_route=%2Fwp%2Fv2%2Fmedia&parent=244"}],"curies":[{"name":"wp","href":"https:\/\/api.w.org\/{rel}","templated":true}]}}